{"id":4641,"date":"2021-04-27T15:56:30","date_gmt":"2021-04-27T13:56:30","guid":{"rendered":"https:\/\/welterbewestwerkcorvey.de\/?page_id=4641"},"modified":"2021-04-27T15:56:41","modified_gmt":"2021-04-27T13:56:41","slug":"emplacement-localisation","status":"publish","type":"page","link":"https:\/\/welterbewestwerkcorvey.de\/fr\/emplacement-localisation\/","title":{"rendered":"Emplacement | localisation"},"content":{"rendered":"[vc_row type=\u00a0\u00bbin_container\u00a0\u00bb full_screen_row_position=\u00a0\u00bbmiddle\u00a0\u00bb scene_position=\u00a0\u00bbcenter\u00a0\u00bb text_color=\u00a0\u00bbdark\u00a0\u00bb text_align=\u00a0\u00bbleft\u00a0\u00bb bottom_padding=\u00a0\u00bb24px\u00a0\u00bb overlay_strength=\u00a0\u00bb0.3&Prime; shape_divider_position=\u00a0\u00bbbottom\u00a0\u00bb bg_image_animation=\u00a0\u00bbnone\u00a0\u00bb shape_type=\u00a0\u00bb\u00a0\u00bb][vc_column column_padding=\u00a0\u00bbno-extra-padding\u00a0\u00bb column_padding_position=\u00a0\u00bball\u00a0\u00bb background_color_opacity=\u00a0\u00bb1&Prime; background_hover_color_opacity=\u00a0\u00bb1&Prime; column_link_target=\u00a0\u00bb_self\u00a0\u00bb column_shadow=\u00a0\u00bbnone\u00a0\u00bb column_border_radius=\u00a0\u00bbnone\u00a0\u00bb width=\u00a0\u00bb1\/1&Prime; tablet_width_inherit=\u00a0\u00bbdefault\u00a0\u00bb tablet_text_alignment=\u00a0\u00bbdefault\u00a0\u00bb phone_text_alignment=\u00a0\u00bbdefault\u00a0\u00bb column_border_width=\u00a0\u00bbnone\u00a0\u00bb column_border_style=\u00a0\u00bbsolid\u00a0\u00bb bg_image_animation=\u00a0\u00bbnone\u00a0\u00bb][vc_column_text]Adresse: Corveyer Allee \u00b7 D 37671 H\u00f6xter[\/vc_column_text][\/vc_column][\/vc_row][vc_row type=\u00a0\u00bbfull_width_background\u00a0\u00bb full_screen_row_position=\u00a0\u00bbmiddle\u00a0\u00bb bg_color=\u00a0\u00bb#ffffff\u00a0\u00bb scene_position=\u00a0\u00bbcenter\u00a0\u00bb text_color=\u00a0\u00bbdark\u00a0\u00bb text_align=\u00a0\u00bbleft\u00a0\u00bb top_padding=\u00a0\u00bb48&Prime; bottom_padding=\u00a0\u00bb48&Prime; overlay_strength=\u00a0\u00bb0.3&Prime; shape_divider_position=\u00a0\u00bbbottom\u00a0\u00bb bg_image_animation=\u00a0\u00bbnone\u00a0\u00bb][vc_column column_padding=\u00a0\u00bbno-extra-padding\u00a0\u00bb column_padding_position=\u00a0\u00bball\u00a0\u00bb background_color_opacity=\u00a0\u00bb1&Prime; background_hover_color_opacity=\u00a0\u00bb1&Prime; column_link_target=\u00a0\u00bb_self\u00a0\u00bb column_shadow=\u00a0\u00bbnone\u00a0\u00bb column_border_radius=\u00a0\u00bbnone\u00a0\u00bb width=\u00a0\u00bb1\/1&Prime; tablet_width_inherit=\u00a0\u00bbdefault\u00a0\u00bb tablet_text_alignment=\u00a0\u00bbdefault\u00a0\u00bb phone_text_alignment=\u00a0\u00bbdefault\u00a0\u00bb column_border_width=\u00a0\u00bbnone\u00a0\u00bb column_border_style=\u00a0\u00bbsolid\u00a0\u00bb bg_image_animation=\u00a0\u00bbnone\u00a0\u00bb][toggles style=\u00a0\u00bbminimal\u00a0\u00bb][toggle color=\u00a0\u00bbDefault\u00a0\u00bb title=\u00a0\u00bbEn voiture \u00ab\u00a0][vc_column_text]<span style=\"font-weight: 400;\">Le site du patrimoine mondial de Corvey est indiqu\u00e9\u00a0 sur les panneaux de circulation de la p\u00e9riph\u00e9rie de la\u00a0 ville, la route B83, ainsi que dans toute la zone urbaine de H\u00f6xter. Un parking gratuit est disponible pour les visiteurs \u00e0 proximit\u00e9 imm\u00e9diate de l&rsquo;entr\u00e9e principale. <\/span>[\/vc_column_text][\/toggle][toggle color=\u00a0\u00bbDefault\u00a0\u00bb title=\u00a0\u00bbEn train et en bus\u00a0\u00bb][vc_column_text]<span style=\"font-weight: 400;\">Prendre la ligne de Nordwestbahn RB84 \u00ab\u00a0Eggebahn\u00a0\u00bb (Paderborn &#8211; Altenbeken &#8211; H\u00f6xter &#8211; Holzminden) jusqu&rsquo;\u00e0 l&rsquo;arr\u00eat \u00ab\u00a0H\u00f6xter-Rathaus\u00a0\u00bb. De l\u00e0, vous pouvez utiliser le service de bus (ligne HX5) jusqu&rsquo;\u00e0 l&rsquo;arr\u00eat \u00ab\u00a0Corvey\u00a0\u00bb.<\/span>[\/vc_column_text][vc_column_text][\/vc_column_text][\/toggle][toggle color=\u00a0\u00bbDefault\u00a0\u00bb title=\u00a0\u00bbPar v\u00e9lo\u00a0\u00bb][vc_column_text]Corvey est situ\u00e9 sur la piste cyclable R99 de la Weser et la piste cyclable europ\u00e9enne R1. En outre, le site du patrimoine mondial Westwerk Corvey est un point de destination de l&rsquo;offre touristique \u00ab\u00a0route des monast\u00e8res et jardins\u00a0\u00bb de la r\u00e9gion monastique Kulturland Kreis H\u00f6xter.<\/p>\n<p>Des informations utiles peuvent \u00eatre trouv\u00e9es aupr\u00e8s de deux fournisseurs :<\/p>\n<ul>\n<li><a href=\"https:\/\/www.kulturland.org\/\" target=\"_blank\" rel=\"noopener\">kulturland.org<\/a> (district de H\u00f6xter)<\/li>\n<li><a href=\"https:\/\/www.teutonavigator.com\" target=\"_blank\" rel=\"noopener\">teutonavigator.com<\/a> (TEUTO_Navigator &#8211; portail touristique avec de nombreuses destinations, des cartes interactives et des pistes GPX \u00e0 t\u00e9l\u00e9charger)<\/li>\n<\/ul>\n[\/vc_column_text][\/toggle][toggle color=\u00a0\u00bbDefault\u00a0\u00bb title=\u00a0\u00bbA pied\u00a0\u00bb][vc_column_text]\n<ul>\n<li><span style=\"font-weight: 400;\">Du centre-ville de H\u00f6xter \u00e0 Corvey vous marchez sur la voie directe env. 2 km Corbiestra\u00dfe, Corveyer Allee<\/span><\/li>\n<li><span style=\"font-weight: 400;\">Autre possibilit\u00e9 : depuis la gare H\u00f6xter Rathaus, vous longez les rives de la Weser (environ 3 km).<\/span><\/li>\n<\/ul>\n[\/vc_column_text][\/toggle][toggle color=\u00a0\u00bbDefault\u00a0\u00bb title=\u00a0\u00bbAvec le bateau d&rsquo;excursion\u00a0\u00bb][vc_column_text]<b>Avec le bateau d&rsquo;excursion de la \u00ab\u00a0Flotte Weser\u00a0\u00bb.<\/b><\/p>\n<p><span style=\"font-weight: 400;\">Vous avez des connexions avec arr\u00eats de\/vers Bad Karlshafen au ponton de Corvey. Le bateau circule une fois par jour (sauf le lundi) de fin avril \u00e0 mi-octobre. Pour plus d&rsquo;informations, visitez le site web de l&rsquo;op\u00e9rateur :<\/span><\/p>\n<p><a href=\"http:\/\/www.flotte-weser.de\/fahrplan\/hoexter.html\" target=\"_blank\" rel=\"noopener noreferrer\">voir\u00a0www.flotte-weser.de<\/a>[\/vc_column_text][\/toggle][\/toggles][\/vc_column][\/vc_row][vc_row type=\u00a0\u00bbfull_width_content\u00a0\u00bb full_screen_row_position=\u00a0\u00bbmiddle\u00a0\u00bb scene_position=\u00a0\u00bbcenter\u00a0\u00bb text_color=\u00a0\u00bbdark\u00a0\u00bb text_align=\u00a0\u00bbleft\u00a0\u00bb overlay_strength=\u00a0\u00bb0.3&Prime; shape_divider_position=\u00a0\u00bbbottom\u00a0\u00bb bg_image_animation=\u00a0\u00bbnone\u00a0\u00bb][vc_column column_padding=\u00a0\u00bbno-extra-padding\u00a0\u00bb column_padding_position=\u00a0\u00bball\u00a0\u00bb background_color_opacity=\u00a0\u00bb1&Prime; background_hover_color_opacity=\u00a0\u00bb1&Prime; column_link_target=\u00a0\u00bb_self\u00a0\u00bb column_shadow=\u00a0\u00bbnone\u00a0\u00bb column_border_radius=\u00a0\u00bbnone\u00a0\u00bb width=\u00a0\u00bb1\/1&Prime; tablet_width_inherit=\u00a0\u00bbdefault\u00a0\u00bb tablet_text_alignment=\u00a0\u00bbdefault\u00a0\u00bb phone_text_alignment=\u00a0\u00bbdefault\u00a0\u00bb column_border_width=\u00a0\u00bbnone\u00a0\u00bb column_border_style=\u00a0\u00bbsolid\u00a0\u00bb bg_image_animation=\u00a0\u00bbnone\u00a0\u00bb][nectar_gmap map_type=\u00a0\u00bbgoogle\u00a0\u00bb zoom=\u00a0\u00bb15&Prime; enable_zoom=\u00a0\u00bb1&Prime; marker_style=\u00a0\u00bbnectar\u00a0\u00bb nectar_marker_color=\u00a0\u00bbextra-color-3&Prime; size=\u00a0\u00bb600&Prime; map_center_lat=\u00a0\u00bb51.778113&Prime; map_center_lng=\u00a0\u00bb9.409780&Prime; map_markers=\u00a0\u00bb51.778113|9.409780|Welterbe Westwerk Corvey\u00a0\u00bb][\/vc_column][\/vc_row]\n","protected":false},"excerpt":{"rendered":"<p>[vc_row type=\u00a0\u00bbin_container\u00a0\u00bb full_screen_row_position=\u00a0\u00bbmiddle\u00a0\u00bb scene_position=\u00a0\u00bbcenter\u00a0\u00bb text_color=\u00a0\u00bbdark\u00a0\u00bb text_align=\u00a0\u00bbleft\u00a0\u00bb bottom_padding=\u00a0\u00bb24px\u00a0\u00bb overlay_strength=\u00a0\u00bb0.3&Prime; shape_divider_position=\u00a0\u00bbbottom\u00a0\u00bb bg_image_animation=\u00a0\u00bbnone\u00a0\u00bb shape_type=\u00a0\u00bb\u00a0\u00bb][vc_column column_padding=\u00a0\u00bbno-extra-padding\u00a0\u00bb column_padding_position=\u00a0\u00bball\u00a0\u00bb background_color_opacity=\u00a0\u00bb1&Prime; background_hover_color_opacity=\u00a0\u00bb1&Prime; column_link_target=\u00a0\u00bb_self\u00a0\u00bb column_shadow=\u00a0\u00bbnone\u00a0\u00bb column_border_radius=\u00a0\u00bbnone\u00a0\u00bb width=\u00a0\u00bb1\/1&Prime; tablet_width_inherit=\u00a0\u00bbdefault\u00a0\u00bb tablet_text_alignment=\u00a0\u00bbdefault\u00a0\u00bb phone_text_alignment=\u00a0\u00bbdefault\u00a0\u00bb column_border_width=\u00a0\u00bbnone\u00a0\u00bb column_border_style=\u00a0\u00bbsolid\u00a0\u00bb bg_image_animation=\u00a0\u00bbnone\u00a0\u00bb][vc_column_text]Adresse: Corveyer Allee \u00b7 D 37671 H\u00f6xter[\/vc_column_text][\/vc_column][\/vc_row][vc_row type=\u00a0\u00bbfull_width_background\u00a0\u00bb full_screen_row_position=\u00a0\u00bbmiddle\u00a0\u00bb bg_color=\u00a0\u00bb#ffffff\u00a0\u00bb scene_position=\u00a0\u00bbcenter\u00a0\u00bb&#8230;<\/p>\n","protected":false},"author":1,"featured_media":0,"parent":0,"menu_order":0,"comment_status":"closed","ping_status":"closed","template":"","meta":{"footnotes":""},"class_list":["post-4641","page","type-page","status-publish"],"yoast_head":"<!-- This site is optimized with the Yoast SEO plugin v27.4 - https:\/\/yoast.com\/product\/yoast-seo-wordpress\/ -->\n<title>Emplacement | localisation - Welterbe Westwerk Corvey<\/title>\n<meta name=\"robots\" content=\"index, follow, max-snippet:-1, max-image-preview:large, max-video-preview:-1\" \/>\n<link rel=\"canonical\" href=\"https:\/\/welterbewestwerkcorvey.de\/fr\/emplacement-localisation\/\" \/>\n<meta property=\"og:locale\" content=\"fr_FR\" \/>\n<meta property=\"og:type\" content=\"article\" \/>\n<meta property=\"og:title\" content=\"Emplacement | localisation - Welterbe Westwerk Corvey\" \/>\n<meta property=\"og:description\" content=\"[vc_row type=\u00a0\u00bbin_container\u00a0\u00bb full_screen_row_position=\u00a0\u00bbmiddle\u00a0\u00bb scene_position=\u00a0\u00bbcenter\u00a0\u00bb text_color=\u00a0\u00bbdark\u00a0\u00bb text_align=\u00a0\u00bbleft\u00a0\u00bb bottom_padding=\u00a0\u00bb24px\u00a0\u00bb overlay_strength=\u00a0\u00bb0.3&Prime; shape_divider_position=\u00a0\u00bbbottom\u00a0\u00bb bg_image_animation=\u00a0\u00bbnone\u00a0\u00bb shape_type=\u00a0\u00bb\u00a0\u00bb][vc_column column_padding=\u00a0\u00bbno-extra-padding\u00a0\u00bb column_padding_position=\u00a0\u00bball\u00a0\u00bb background_color_opacity=\u00a0\u00bb1&Prime; background_hover_color_opacity=\u00a0\u00bb1&Prime; column_link_target=\u00a0\u00bb_self\u00a0\u00bb column_shadow=\u00a0\u00bbnone\u00a0\u00bb column_border_radius=\u00a0\u00bbnone\u00a0\u00bb width=\u00a0\u00bb1\/1&Prime; tablet_width_inherit=\u00a0\u00bbdefault\u00a0\u00bb tablet_text_alignment=\u00a0\u00bbdefault\u00a0\u00bb phone_text_alignment=\u00a0\u00bbdefault\u00a0\u00bb column_border_width=\u00a0\u00bbnone\u00a0\u00bb column_border_style=\u00a0\u00bbsolid\u00a0\u00bb bg_image_animation=\u00a0\u00bbnone\u00a0\u00bb][vc_column_text]Adresse: Corveyer Allee \u00b7 D 37671 H\u00f6xter[\/vc_column_text][\/vc_column][\/vc_row][vc_row type=\u00a0\u00bbfull_width_background\u00a0\u00bb full_screen_row_position=\u00a0\u00bbmiddle\u00a0\u00bb bg_color=\u00a0\u00bb#ffffff\u00a0\u00bb scene_position=\u00a0\u00bbcenter\u00a0\u00bb...\" \/>\n<meta property=\"og:url\" content=\"https:\/\/welterbewestwerkcorvey.de\/fr\/emplacement-localisation\/\" \/>\n<meta property=\"og:site_name\" content=\"Welterbe Westwerk Corvey\" \/>\n<meta property=\"article:modified_time\" content=\"2021-04-27T13:56:41+00:00\" \/>\n<meta name=\"twitter:card\" content=\"summary_large_image\" \/>\n<meta name=\"twitter:label1\" content=\"Dur\u00e9e de lecture estim\u00e9e\" \/>\n\t<meta name=\"twitter:data1\" content=\"2 minutes\" \/>\n<script type=\"application\/ld+json\" class=\"yoast-schema-graph\">{\"@context\":\"https:\\\/\\\/schema.org\",\"@graph\":[{\"@type\":\"WebPage\",\"@id\":\"https:\\\/\\\/welterbewestwerkcorvey.de\\\/fr\\\/emplacement-localisation\\\/\",\"url\":\"https:\\\/\\\/welterbewestwerkcorvey.de\\\/fr\\\/emplacement-localisation\\\/\",\"name\":\"Emplacement | localisation - Welterbe Westwerk Corvey\",\"isPartOf\":{\"@id\":\"https:\\\/\\\/welterbewestwerkcorvey.de\\\/fr\\\/#website\"},\"datePublished\":\"2021-04-27T13:56:30+00:00\",\"dateModified\":\"2021-04-27T13:56:41+00:00\",\"breadcrumb\":{\"@id\":\"https:\\\/\\\/welterbewestwerkcorvey.de\\\/fr\\\/emplacement-localisation\\\/#breadcrumb\"},\"inLanguage\":\"fr-FR\",\"potentialAction\":[{\"@type\":\"ReadAction\",\"target\":[\"https:\\\/\\\/welterbewestwerkcorvey.de\\\/fr\\\/emplacement-localisation\\\/\"]}]},{\"@type\":\"BreadcrumbList\",\"@id\":\"https:\\\/\\\/welterbewestwerkcorvey.de\\\/fr\\\/emplacement-localisation\\\/#breadcrumb\",\"itemListElement\":[{\"@type\":\"ListItem\",\"position\":1,\"name\":\"Startseite\",\"item\":\"https:\\\/\\\/welterbewestwerkcorvey.de\\\/fr\\\/\"},{\"@type\":\"ListItem\",\"position\":2,\"name\":\"Emplacement | localisation\"}]},{\"@type\":\"WebSite\",\"@id\":\"https:\\\/\\\/welterbewestwerkcorvey.de\\\/fr\\\/#website\",\"url\":\"https:\\\/\\\/welterbewestwerkcorvey.de\\\/fr\\\/\",\"name\":\"Welterbe Westwerk Corvey\",\"description\":\"Weltgeschichte am Weserbogen\",\"publisher\":{\"@id\":\"https:\\\/\\\/welterbewestwerkcorvey.de\\\/fr\\\/#organization\"},\"potentialAction\":[{\"@type\":\"SearchAction\",\"target\":{\"@type\":\"EntryPoint\",\"urlTemplate\":\"https:\\\/\\\/welterbewestwerkcorvey.de\\\/fr\\\/?s={search_term_string}\"},\"query-input\":{\"@type\":\"PropertyValueSpecification\",\"valueRequired\":true,\"valueName\":\"search_term_string\"}}],\"inLanguage\":\"fr-FR\"},{\"@type\":\"Organization\",\"@id\":\"https:\\\/\\\/welterbewestwerkcorvey.de\\\/fr\\\/#organization\",\"name\":\"Pfarrverbund Corvey\",\"url\":\"https:\\\/\\\/welterbewestwerkcorvey.de\\\/fr\\\/\",\"logo\":{\"@type\":\"ImageObject\",\"inLanguage\":\"fr-FR\",\"@id\":\"https:\\\/\\\/welterbewestwerkcorvey.de\\\/fr\\\/#\\\/schema\\\/logo\\\/image\\\/\",\"url\":\"https:\\\/\\\/welterbewestwerkcorvey.de\\\/wp-content\\\/uploads\\\/signet-wwc-corvey-rgb-1.png\",\"contentUrl\":\"https:\\\/\\\/welterbewestwerkcorvey.de\\\/wp-content\\\/uploads\\\/signet-wwc-corvey-rgb-1.png\",\"width\":791,\"height\":1181,\"caption\":\"Pfarrverbund Corvey\"},\"image\":{\"@id\":\"https:\\\/\\\/welterbewestwerkcorvey.de\\\/fr\\\/#\\\/schema\\\/logo\\\/image\\\/\"}}]}<\/script>\n<!-- \/ Yoast SEO plugin. -->","yoast_head_json":{"title":"Emplacement | localisation - Welterbe Westwerk Corvey","robots":{"index":"index","follow":"follow","max-snippet":"max-snippet:-1","max-image-preview":"max-image-preview:large","max-video-preview":"max-video-preview:-1"},"canonical":"https:\/\/welterbewestwerkcorvey.de\/fr\/emplacement-localisation\/","og_locale":"fr_FR","og_type":"article","og_title":"Emplacement | localisation - Welterbe Westwerk Corvey","og_description":"[vc_row type=\u00a0\u00bbin_container\u00a0\u00bb full_screen_row_position=\u00a0\u00bbmiddle\u00a0\u00bb scene_position=\u00a0\u00bbcenter\u00a0\u00bb text_color=\u00a0\u00bbdark\u00a0\u00bb text_align=\u00a0\u00bbleft\u00a0\u00bb bottom_padding=\u00a0\u00bb24px\u00a0\u00bb overlay_strength=\u00a0\u00bb0.3&Prime; shape_divider_position=\u00a0\u00bbbottom\u00a0\u00bb bg_image_animation=\u00a0\u00bbnone\u00a0\u00bb shape_type=\u00a0\u00bb\u00a0\u00bb][vc_column column_padding=\u00a0\u00bbno-extra-padding\u00a0\u00bb column_padding_position=\u00a0\u00bball\u00a0\u00bb background_color_opacity=\u00a0\u00bb1&Prime; background_hover_color_opacity=\u00a0\u00bb1&Prime; column_link_target=\u00a0\u00bb_self\u00a0\u00bb column_shadow=\u00a0\u00bbnone\u00a0\u00bb column_border_radius=\u00a0\u00bbnone\u00a0\u00bb width=\u00a0\u00bb1\/1&Prime; tablet_width_inherit=\u00a0\u00bbdefault\u00a0\u00bb tablet_text_alignment=\u00a0\u00bbdefault\u00a0\u00bb phone_text_alignment=\u00a0\u00bbdefault\u00a0\u00bb column_border_width=\u00a0\u00bbnone\u00a0\u00bb column_border_style=\u00a0\u00bbsolid\u00a0\u00bb bg_image_animation=\u00a0\u00bbnone\u00a0\u00bb][vc_column_text]Adresse: Corveyer Allee \u00b7 D 37671 H\u00f6xter[\/vc_column_text][\/vc_column][\/vc_row][vc_row type=\u00a0\u00bbfull_width_background\u00a0\u00bb full_screen_row_position=\u00a0\u00bbmiddle\u00a0\u00bb bg_color=\u00a0\u00bb#ffffff\u00a0\u00bb scene_position=\u00a0\u00bbcenter\u00a0\u00bb...","og_url":"https:\/\/welterbewestwerkcorvey.de\/fr\/emplacement-localisation\/","og_site_name":"Welterbe Westwerk Corvey","article_modified_time":"2021-04-27T13:56:41+00:00","twitter_card":"summary_large_image","twitter_misc":{"Dur\u00e9e de lecture estim\u00e9e":"2 minutes"},"schema":{"@context":"https:\/\/schema.org","@graph":[{"@type":"WebPage","@id":"https:\/\/welterbewestwerkcorvey.de\/fr\/emplacement-localisation\/","url":"https:\/\/welterbewestwerkcorvey.de\/fr\/emplacement-localisation\/","name":"Emplacement | localisation - Welterbe Westwerk Corvey","isPartOf":{"@id":"https:\/\/welterbewestwerkcorvey.de\/fr\/#website"},"datePublished":"2021-04-27T13:56:30+00:00","dateModified":"2021-04-27T13:56:41+00:00","breadcrumb":{"@id":"https:\/\/welterbewestwerkcorvey.de\/fr\/emplacement-localisation\/#breadcrumb"},"inLanguage":"fr-FR","potentialAction":[{"@type":"ReadAction","target":["https:\/\/welterbewestwerkcorvey.de\/fr\/emplacement-localisation\/"]}]},{"@type":"BreadcrumbList","@id":"https:\/\/welterbewestwerkcorvey.de\/fr\/emplacement-localisation\/#breadcrumb","itemListElement":[{"@type":"ListItem","position":1,"name":"Startseite","item":"https:\/\/welterbewestwerkcorvey.de\/fr\/"},{"@type":"ListItem","position":2,"name":"Emplacement | localisation"}]},{"@type":"WebSite","@id":"https:\/\/welterbewestwerkcorvey.de\/fr\/#website","url":"https:\/\/welterbewestwerkcorvey.de\/fr\/","name":"Welterbe Westwerk Corvey","description":"Weltgeschichte am Weserbogen","publisher":{"@id":"https:\/\/welterbewestwerkcorvey.de\/fr\/#organization"},"potentialAction":[{"@type":"SearchAction","target":{"@type":"EntryPoint","urlTemplate":"https:\/\/welterbewestwerkcorvey.de\/fr\/?s={search_term_string}"},"query-input":{"@type":"PropertyValueSpecification","valueRequired":true,"valueName":"search_term_string"}}],"inLanguage":"fr-FR"},{"@type":"Organization","@id":"https:\/\/welterbewestwerkcorvey.de\/fr\/#organization","name":"Pfarrverbund Corvey","url":"https:\/\/welterbewestwerkcorvey.de\/fr\/","logo":{"@type":"ImageObject","inLanguage":"fr-FR","@id":"https:\/\/welterbewestwerkcorvey.de\/fr\/#\/schema\/logo\/image\/","url":"https:\/\/welterbewestwerkcorvey.de\/wp-content\/uploads\/signet-wwc-corvey-rgb-1.png","contentUrl":"https:\/\/welterbewestwerkcorvey.de\/wp-content\/uploads\/signet-wwc-corvey-rgb-1.png","width":791,"height":1181,"caption":"Pfarrverbund Corvey"},"image":{"@id":"https:\/\/welterbewestwerkcorvey.de\/fr\/#\/schema\/logo\/image\/"}}]}},"_links":{"self":[{"href":"https:\/\/welterbewestwerkcorvey.de\/fr\/wp-json\/wp\/v2\/pages\/4641","targetHints":{"allow":["GET"]}}],"collection":[{"href":"https:\/\/welterbewestwerkcorvey.de\/fr\/wp-json\/wp\/v2\/pages"}],"about":[{"href":"https:\/\/welterbewestwerkcorvey.de\/fr\/wp-json\/wp\/v2\/types\/page"}],"author":[{"embeddable":true,"href":"https:\/\/welterbewestwerkcorvey.de\/fr\/wp-json\/wp\/v2\/users\/1"}],"replies":[{"embeddable":true,"href":"https:\/\/welterbewestwerkcorvey.de\/fr\/wp-json\/wp\/v2\/comments?post=4641"}],"version-history":[{"count":2,"href":"https:\/\/welterbewestwerkcorvey.de\/fr\/wp-json\/wp\/v2\/pages\/4641\/revisions"}],"predecessor-version":[{"id":4644,"href":"https:\/\/welterbewestwerkcorvey.de\/fr\/wp-json\/wp\/v2\/pages\/4641\/revisions\/4644"}],"wp:attachment":[{"href":"https:\/\/welterbewestwerkcorvey.de\/fr\/wp-json\/wp\/v2\/media?parent=4641"}],"curies":[{"name":"wp","href":"https:\/\/api.w.org\/{rel}","templated":true}]}}