{"id":4626,"date":"2021-04-27T14:47:40","date_gmt":"2021-04-27T12:47:40","guid":{"rendered":"https:\/\/welterbewestwerkcorvey.de\/?page_id=4626"},"modified":"2021-04-27T14:58:24","modified_gmt":"2021-04-27T12:58:24","slug":"patrimoine-mondial-westwerkcorvey","status":"publish","type":"page","link":"https:\/\/welterbewestwerkcorvey.de\/fr\/patrimoine-mondial-westwerkcorvey\/","title":{"rendered":"Patrimoine mondial Westwerk Corvey"},"content":{"rendered":"[vc_row type=\u00a0\u00bbfull_width_background\u00a0\u00bb full_screen_row_position=\u00a0\u00bbmiddle\u00a0\u00bb bg_image=\u00a0\u00bb1009&Prime; bg_position=\u00a0\u00bbcenter center\u00a0\u00bb bg_repeat=\u00a0\u00bbno-repeat\u00a0\u00bb scene_position=\u00a0\u00bbcenter\u00a0\u00bb text_color=\u00a0\u00bblight\u00a0\u00bb text_align=\u00a0\u00bbleft\u00a0\u00bb top_padding=\u00a0\u00bb8%\u00a0\u00bb bottom_padding=\u00a0\u00bb14%\u00a0\u00bb id=\u00a0\u00bbabout\u00a0\u00bb color_overlay=\u00a0\u00bbrgba(10,10,10,0.33)\u00a0\u00bb overlay_strength=\u00a0\u00bb0.5&Prime; shape_divider_position=\u00a0\u00bbbottom\u00a0\u00bb bg_image_animation=\u00a0\u00bbnone\u00a0\u00bb parallax_bg=\u00a0\u00bbtrue\u00a0\u00bb parallax_bg_speed=\u00a0\u00bbfast\u00a0\u00bb][vc_column centered_text=\u00a0\u00bbtrue\u00a0\u00bb column_padding=\u00a0\u00bbno-extra-padding\u00a0\u00bb column_padding_position=\u00a0\u00bball\u00a0\u00bb background_color_opacity=\u00a0\u00bb1&Prime; background_hover_color_opacity=\u00a0\u00bb1&Prime; column_link_target=\u00a0\u00bb_self\u00a0\u00bb column_shadow=\u00a0\u00bbnone\u00a0\u00bb column_border_radius=\u00a0\u00bbnone\u00a0\u00bb width=\u00a0\u00bb1\/1&Prime; tablet_width_inherit=\u00a0\u00bbdefault\u00a0\u00bb tablet_text_alignment=\u00a0\u00bbdefault\u00a0\u00bb phone_text_alignment=\u00a0\u00bbdefault\u00a0\u00bb column_border_width=\u00a0\u00bbnone\u00a0\u00bb column_border_style=\u00a0\u00bbsolid\u00a0\u00bb bg_image_animation=\u00a0\u00bbnone\u00a0\u00bb][split_line_heading]\n<h1><b>Patrimoine mondial Westwerk Corvey<\/b><\/h1>\n[\/split_line_heading][\/vc_column][\/vc_row][vc_row type=\u00a0\u00bbfull_width_background\u00a0\u00bb full_screen_row_position=\u00a0\u00bbmiddle\u00a0\u00bb bg_color=\u00a0\u00bb#d7e4ed\u00a0\u00bb scene_position=\u00a0\u00bbcenter\u00a0\u00bb text_color=\u00a0\u00bblight\u00a0\u00bb text_align=\u00a0\u00bbleft\u00a0\u00bb overlay_strength=\u00a0\u00bb0.3&Prime; shape_divider_position=\u00a0\u00bbbottom\u00a0\u00bb bg_image_animation=\u00a0\u00bbnone\u00a0\u00bb][vc_column column_padding=\u00a0\u00bbno-extra-padding\u00a0\u00bb column_padding_position=\u00a0\u00bball\u00a0\u00bb background_color_opacity=\u00a0\u00bb1&Prime; background_hover_color_opacity=\u00a0\u00bb1&Prime; column_link_target=\u00a0\u00bb_self\u00a0\u00bb column_shadow=\u00a0\u00bblarge_depth\u00a0\u00bb column_border_radius=\u00a0\u00bbnone\u00a0\u00bb top_margin=\u00a0\u00bb-8%\u00a0\u00bb bottom_margin=\u00a0\u00bb-5%\u00a0\u00bb width=\u00a0\u00bb1\/1&Prime; tablet_width_inherit=\u00a0\u00bbdefault\u00a0\u00bb tablet_text_alignment=\u00a0\u00bbdefault\u00a0\u00bb phone_text_alignment=\u00a0\u00bbdefault\u00a0\u00bb column_border_width=\u00a0\u00bbnone\u00a0\u00bb column_border_style=\u00a0\u00bbsolid\u00a0\u00bb bg_image_animation=\u00a0\u00bbnone\u00a0\u00bb][vc_row_inner equal_height=\u00a0\u00bbyes\u00a0\u00bb content_placement=\u00a0\u00bbtop\u00a0\u00bb column_margin=\u00a0\u00bbnone\u00a0\u00bb text_align=\u00a0\u00bbleft\u00a0\u00bb][vc_column_inner background_image=\u00a0\u00bb1148&Prime; enable_bg_scale=\u00a0\u00bbtrue\u00a0\u00bb column_padding=\u00a0\u00bbno-extra-padding\u00a0\u00bb column_padding_position=\u00a0\u00bball\u00a0\u00bb background_color_opacity=\u00a0\u00bb1&Prime; background_hover_color_opacity=\u00a0\u00bb1&Prime; column_shadow=\u00a0\u00bbnone\u00a0\u00bb column_border_radius=\u00a0\u00bbnone\u00a0\u00bb column_link_target=\u00a0\u00bb_self\u00a0\u00bb width=\u00a0\u00bb1\/2&Prime; tablet_width_inherit=\u00a0\u00bbdefault\u00a0\u00bb column_border_width=\u00a0\u00bbnone\u00a0\u00bb column_border_style=\u00a0\u00bbsolid\u00a0\u00bb bg_image_animation=\u00a0\u00bbnone\u00a0\u00bb][divider line_type=\u00a0\u00bbNo Line\u00a0\u00bb custom_height=\u00a0\u00bb400&Prime;][\/vc_column_inner][vc_column_inner column_padding=\u00a0\u00bbpadding-6-percent\u00a0\u00bb column_padding_position=\u00a0\u00bball\u00a0\u00bb background_color=\u00a0\u00bb#d7dee2&Prime; background_color_opacity=\u00a0\u00bb1&Prime; background_hover_color_opacity=\u00a0\u00bb1&Prime; font_color=\u00a0\u00bb#000000&Prime; column_shadow=\u00a0\u00bbnone\u00a0\u00bb column_border_radius=\u00a0\u00bbnone\u00a0\u00bb bottom_margin=\u00a0\u00bb0&Prime; column_link_target=\u00a0\u00bb_self\u00a0\u00bb width=\u00a0\u00bb1\/2&Prime; tablet_width_inherit=\u00a0\u00bbdefault\u00a0\u00bb column_border_width=\u00a0\u00bbnone\u00a0\u00bb column_border_style=\u00a0\u00bbsolid\u00a0\u00bb bg_image_animation=\u00a0\u00bbnone\u00a0\u00bb][vc_column_text]<strong>La haute technologie rencontre l&rsquo;histoire &#8211; le Westwerk (la fa\u00e7ade occidentale) sur Facebook et Cie.<\/strong><\/p>\n<p>Nous suivons l&rsquo;\u00e9tat d&rsquo;avancement de nos travaux de restauration et l&rsquo;\u00e9volution actuelle de la construction sur les plateformes de m\u00e9dias sociaux Facebook et Instagram ! Nous communiquons \u00a0 les faits actuels, expliquons l\u2019histoire de l&rsquo;ancienne abbaye b\u00e9n\u00e9dictine en mots et en images et mettons \u00e9galement en \u00e9vidence sur Facebook et Instagram l&rsquo;une ou l&rsquo;autre contribution publi\u00e9e sur ce site internet. Nous avons beaucoup de choses \u00e0 faire partager et nous sommes tr\u00e8s heureux de le faire ![\/vc_column_text][\/vc_column_inner][\/vc_row_inner][vc_row_inner equal_height=\u00a0\u00bbyes\u00a0\u00bb content_placement=\u00a0\u00bbmiddle\u00a0\u00bb column_margin=\u00a0\u00bbnone\u00a0\u00bb text_align=\u00a0\u00bbcenter\u00a0\u00bb id=\u00a0\u00bbabout\u00a0\u00bb css=\u00a0\u00bb.vc_custom_1494005737521{background-color: #ffffff !important;}\u00a0\u00bb][vc_column_inner background_image=\u00a0\u00bb1034&Prime; enable_bg_scale=\u00a0\u00bbtrue\u00a0\u00bb column_padding=\u00a0\u00bbpadding-3-percent\u00a0\u00bb column_padding_position=\u00a0\u00bball\u00a0\u00bb background_color=\u00a0\u00bb#8c9baf\u00a0\u00bb background_color_opacity=\u00a0\u00bb0.7&Prime; background_hover_color_opacity=\u00a0\u00bb1&Prime; column_shadow=\u00a0\u00bbnone\u00a0\u00bb column_border_radius=\u00a0\u00bbnone\u00a0\u00bb column_link_target=\u00a0\u00bb_self\u00a0\u00bb el_class=\u00a0\u00bbwhitelink\u00a0\u00bb width=\u00a0\u00bb1\/2&Prime; tablet_width_inherit=\u00a0\u00bbdefault\u00a0\u00bb column_border_width=\u00a0\u00bbnone\u00a0\u00bb column_border_style=\u00a0\u00bbsolid\u00a0\u00bb bg_image_animation=\u00a0\u00bbnone\u00a0\u00bb][vc_column_text]\n<h3><a href=\"\/entdecken\/\">Pr\u00e9server et d\u00e9couvrir<\/a><\/h3>\n<p>Le Westwerk carolingien est un lieu fascinant. Une grande \u00e9quipe, compos\u00e9e d&rsquo;experts de diverses disciplines, travaille \u00e0 la pr\u00e9servation et \u00e0 la mise en valeur de cet imposant b\u00e2timent. \u00c0 l&rsquo;avenir, nous aimerions inviter nos visiteurs \u00e0 vivre l&rsquo;histoire du d\u00e9but du Moyen \u00c2ge \u00e0 Corvey par le moyen de productions de salles virtuelles et de r\u00e9alit\u00e9 augment\u00e9e. Sur notre blog, vous pouvez regarder par-dessus notre \u00e9paule, acc\u00e9der aux informations actuelles et jeter un coup d&rsquo;\u0153il dans les coulisses du site du patrimoine mondial ![\/vc_column_text][\/vc_column_inner][vc_column_inner column_padding=\u00a0\u00bbno-extra-padding\u00a0\u00bb column_padding_position=\u00a0\u00bball\u00a0\u00bb background_color_opacity=\u00a0\u00bb1&Prime; background_hover_color_opacity=\u00a0\u00bb1&Prime; column_shadow=\u00a0\u00bbnone\u00a0\u00bb column_border_radius=\u00a0\u00bbnone\u00a0\u00bb column_link_target=\u00a0\u00bb_self\u00a0\u00bb width=\u00a0\u00bb1\/2&Prime; tablet_width_inherit=\u00a0\u00bbdefault\u00a0\u00bb column_border_width=\u00a0\u00bbnone\u00a0\u00bb column_border_style=\u00a0\u00bbsolid\u00a0\u00bb bg_image_animation=\u00a0\u00bbnone\u00a0\u00bb][image_with_animation image_url=\u00a0\u00bb1829&Prime; alignment=\u00a0\u00bbcenter\u00a0\u00bb animation=\u00a0\u00bbFade In\u00a0\u00bb img_link_large=\u00a0\u00bbyes\u00a0\u00bb border_radius=\u00a0\u00bbnone\u00a0\u00bb box_shadow=\u00a0\u00bbnone\u00a0\u00bb max_width=\u00a0\u00bb100%\u00a0\u00bb][\/vc_column_inner][\/vc_row_inner][\/vc_column][\/vc_row]\n","protected":false},"excerpt":{"rendered":"<p>[vc_row type=\u00a0\u00bbfull_width_background\u00a0\u00bb full_screen_row_position=\u00a0\u00bbmiddle\u00a0\u00bb bg_image=\u00a0\u00bb1009&Prime; bg_position=\u00a0\u00bbcenter center\u00a0\u00bb bg_repeat=\u00a0\u00bbno-repeat\u00a0\u00bb scene_position=\u00a0\u00bbcenter\u00a0\u00bb text_color=\u00a0\u00bblight\u00a0\u00bb text_align=\u00a0\u00bbleft\u00a0\u00bb top_padding=\u00a0\u00bb8%\u00a0\u00bb bottom_padding=\u00a0\u00bb14%\u00a0\u00bb id=\u00a0\u00bbabout\u00a0\u00bb color_overlay=\u00a0\u00bbrgba(10,10,10,0.33)\u00a0\u00bb overlay_strength=\u00a0\u00bb0.5&Prime; shape_divider_position=\u00a0\u00bbbottom\u00a0\u00bb bg_image_animation=\u00a0\u00bbnone\u00a0\u00bb parallax_bg=\u00a0\u00bbtrue\u00a0\u00bb parallax_bg_speed=\u00a0\u00bbfast\u00a0\u00bb][vc_column centered_text=\u00a0\u00bbtrue\u00a0\u00bb column_padding=\u00a0\u00bbno-extra-padding\u00a0\u00bb column_padding_position=\u00a0\u00bball\u00a0\u00bb background_color_opacity=\u00a0\u00bb1&Prime; background_hover_color_opacity=\u00a0\u00bb1&Prime; column_link_target=\u00a0\u00bb_self\u00a0\u00bb column_shadow=\u00a0\u00bbnone\u00a0\u00bb column_border_radius=\u00a0\u00bbnone\u00a0\u00bb width=\u00a0\u00bb1\/1&Prime; tablet_width_inherit=\u00a0\u00bbdefault\u00a0\u00bb tablet_text_alignment=\u00a0\u00bbdefault\u00a0\u00bb phone_text_alignment=\u00a0\u00bbdefault\u00a0\u00bb column_border_width=\u00a0\u00bbnone\u00a0\u00bb column_border_style=\u00a0\u00bbsolid\u00a0\u00bb bg_image_animation=\u00a0\u00bbnone\u00a0\u00bb][split_line_heading] Patrimoine&#8230;<\/p>\n","protected":false},"author":1,"featured_media":0,"parent":0,"menu_order":0,"comment_status":"closed","ping_status":"closed","template":"","meta":{"footnotes":""},"class_list":["post-4626","page","type-page","status-publish"],"yoast_head":"<!-- This site is optimized with the Yoast SEO plugin v27.3 - https:\/\/yoast.com\/product\/yoast-seo-wordpress\/ -->\n<title>Patrimoine mondial Westwerk Corvey - Welterbe Westwerk Corvey<\/title>\n<meta name=\"robots\" content=\"index, follow, max-snippet:-1, max-image-preview:large, max-video-preview:-1\" \/>\n<link rel=\"canonical\" href=\"https:\/\/welterbewestwerkcorvey.de\/fr\/patrimoine-mondial-westwerkcorvey\/\" \/>\n<meta property=\"og:locale\" content=\"fr_FR\" \/>\n<meta property=\"og:type\" content=\"article\" \/>\n<meta property=\"og:title\" content=\"Patrimoine mondial Westwerk Corvey - Welterbe Westwerk Corvey\" \/>\n<meta property=\"og:description\" content=\"[vc_row type=\u00a0\u00bbfull_width_background\u00a0\u00bb full_screen_row_position=\u00a0\u00bbmiddle\u00a0\u00bb bg_image=\u00a0\u00bb1009&Prime; bg_position=\u00a0\u00bbcenter center\u00a0\u00bb bg_repeat=\u00a0\u00bbno-repeat\u00a0\u00bb scene_position=\u00a0\u00bbcenter\u00a0\u00bb text_color=\u00a0\u00bblight\u00a0\u00bb text_align=\u00a0\u00bbleft\u00a0\u00bb top_padding=\u00a0\u00bb8%\u00a0\u00bb bottom_padding=\u00a0\u00bb14%\u00a0\u00bb id=\u00a0\u00bbabout\u00a0\u00bb color_overlay=\u00a0\u00bbrgba(10,10,10,0.33)\u00a0\u00bb overlay_strength=\u00a0\u00bb0.5&Prime; shape_divider_position=\u00a0\u00bbbottom\u00a0\u00bb bg_image_animation=\u00a0\u00bbnone\u00a0\u00bb parallax_bg=\u00a0\u00bbtrue\u00a0\u00bb parallax_bg_speed=\u00a0\u00bbfast\u00a0\u00bb][vc_column centered_text=\u00a0\u00bbtrue\u00a0\u00bb column_padding=\u00a0\u00bbno-extra-padding\u00a0\u00bb column_padding_position=\u00a0\u00bball\u00a0\u00bb background_color_opacity=\u00a0\u00bb1&Prime; background_hover_color_opacity=\u00a0\u00bb1&Prime; column_link_target=\u00a0\u00bb_self\u00a0\u00bb column_shadow=\u00a0\u00bbnone\u00a0\u00bb column_border_radius=\u00a0\u00bbnone\u00a0\u00bb width=\u00a0\u00bb1\/1&Prime; tablet_width_inherit=\u00a0\u00bbdefault\u00a0\u00bb tablet_text_alignment=\u00a0\u00bbdefault\u00a0\u00bb phone_text_alignment=\u00a0\u00bbdefault\u00a0\u00bb column_border_width=\u00a0\u00bbnone\u00a0\u00bb column_border_style=\u00a0\u00bbsolid\u00a0\u00bb bg_image_animation=\u00a0\u00bbnone\u00a0\u00bb][split_line_heading] Patrimoine...\" \/>\n<meta property=\"og:url\" content=\"https:\/\/welterbewestwerkcorvey.de\/fr\/patrimoine-mondial-westwerkcorvey\/\" \/>\n<meta property=\"og:site_name\" content=\"Welterbe Westwerk Corvey\" \/>\n<meta property=\"article:modified_time\" content=\"2021-04-27T12:58:24+00:00\" \/>\n<meta name=\"twitter:card\" content=\"summary_large_image\" \/>\n<meta name=\"twitter:label1\" content=\"Dur\u00e9e de lecture estim\u00e9e\" \/>\n\t<meta name=\"twitter:data1\" content=\"2 minutes\" \/>\n<script type=\"application\/ld+json\" class=\"yoast-schema-graph\">{\"@context\":\"https:\\\/\\\/schema.org\",\"@graph\":[{\"@type\":\"WebPage\",\"@id\":\"https:\\\/\\\/welterbewestwerkcorvey.de\\\/fr\\\/patrimoine-mondial-westwerkcorvey\\\/\",\"url\":\"https:\\\/\\\/welterbewestwerkcorvey.de\\\/fr\\\/patrimoine-mondial-westwerkcorvey\\\/\",\"name\":\"Patrimoine mondial Westwerk Corvey - Welterbe Westwerk Corvey\",\"isPartOf\":{\"@id\":\"https:\\\/\\\/welterbewestwerkcorvey.de\\\/fr\\\/#website\"},\"datePublished\":\"2021-04-27T12:47:40+00:00\",\"dateModified\":\"2021-04-27T12:58:24+00:00\",\"breadcrumb\":{\"@id\":\"https:\\\/\\\/welterbewestwerkcorvey.de\\\/fr\\\/patrimoine-mondial-westwerkcorvey\\\/#breadcrumb\"},\"inLanguage\":\"fr-FR\",\"potentialAction\":[{\"@type\":\"ReadAction\",\"target\":[\"https:\\\/\\\/welterbewestwerkcorvey.de\\\/fr\\\/patrimoine-mondial-westwerkcorvey\\\/\"]}]},{\"@type\":\"BreadcrumbList\",\"@id\":\"https:\\\/\\\/welterbewestwerkcorvey.de\\\/fr\\\/patrimoine-mondial-westwerkcorvey\\\/#breadcrumb\",\"itemListElement\":[{\"@type\":\"ListItem\",\"position\":1,\"name\":\"Startseite\",\"item\":\"https:\\\/\\\/welterbewestwerkcorvey.de\\\/fr\\\/\"},{\"@type\":\"ListItem\",\"position\":2,\"name\":\"Patrimoine mondial Westwerk Corvey\"}]},{\"@type\":\"WebSite\",\"@id\":\"https:\\\/\\\/welterbewestwerkcorvey.de\\\/fr\\\/#website\",\"url\":\"https:\\\/\\\/welterbewestwerkcorvey.de\\\/fr\\\/\",\"name\":\"Welterbe Westwerk Corvey\",\"description\":\"Weltgeschichte am Weserbogen\",\"publisher\":{\"@id\":\"https:\\\/\\\/welterbewestwerkcorvey.de\\\/fr\\\/#organization\"},\"potentialAction\":[{\"@type\":\"SearchAction\",\"target\":{\"@type\":\"EntryPoint\",\"urlTemplate\":\"https:\\\/\\\/welterbewestwerkcorvey.de\\\/fr\\\/?s={search_term_string}\"},\"query-input\":{\"@type\":\"PropertyValueSpecification\",\"valueRequired\":true,\"valueName\":\"search_term_string\"}}],\"inLanguage\":\"fr-FR\"},{\"@type\":\"Organization\",\"@id\":\"https:\\\/\\\/welterbewestwerkcorvey.de\\\/fr\\\/#organization\",\"name\":\"Pfarrverbund Corvey\",\"url\":\"https:\\\/\\\/welterbewestwerkcorvey.de\\\/fr\\\/\",\"logo\":{\"@type\":\"ImageObject\",\"inLanguage\":\"fr-FR\",\"@id\":\"https:\\\/\\\/welterbewestwerkcorvey.de\\\/fr\\\/#\\\/schema\\\/logo\\\/image\\\/\",\"url\":\"https:\\\/\\\/welterbewestwerkcorvey.de\\\/wp-content\\\/uploads\\\/signet-wwc-corvey-rgb-1.png\",\"contentUrl\":\"https:\\\/\\\/welterbewestwerkcorvey.de\\\/wp-content\\\/uploads\\\/signet-wwc-corvey-rgb-1.png\",\"width\":791,\"height\":1181,\"caption\":\"Pfarrverbund Corvey\"},\"image\":{\"@id\":\"https:\\\/\\\/welterbewestwerkcorvey.de\\\/fr\\\/#\\\/schema\\\/logo\\\/image\\\/\"}}]}<\/script>\n<!-- \/ Yoast SEO plugin. -->","yoast_head_json":{"title":"Patrimoine mondial Westwerk Corvey - Welterbe Westwerk Corvey","robots":{"index":"index","follow":"follow","max-snippet":"max-snippet:-1","max-image-preview":"max-image-preview:large","max-video-preview":"max-video-preview:-1"},"canonical":"https:\/\/welterbewestwerkcorvey.de\/fr\/patrimoine-mondial-westwerkcorvey\/","og_locale":"fr_FR","og_type":"article","og_title":"Patrimoine mondial Westwerk Corvey - Welterbe Westwerk Corvey","og_description":"[vc_row type=\u00a0\u00bbfull_width_background\u00a0\u00bb full_screen_row_position=\u00a0\u00bbmiddle\u00a0\u00bb bg_image=\u00a0\u00bb1009&Prime; bg_position=\u00a0\u00bbcenter center\u00a0\u00bb bg_repeat=\u00a0\u00bbno-repeat\u00a0\u00bb scene_position=\u00a0\u00bbcenter\u00a0\u00bb text_color=\u00a0\u00bblight\u00a0\u00bb text_align=\u00a0\u00bbleft\u00a0\u00bb top_padding=\u00a0\u00bb8%\u00a0\u00bb bottom_padding=\u00a0\u00bb14%\u00a0\u00bb id=\u00a0\u00bbabout\u00a0\u00bb color_overlay=\u00a0\u00bbrgba(10,10,10,0.33)\u00a0\u00bb overlay_strength=\u00a0\u00bb0.5&Prime; shape_divider_position=\u00a0\u00bbbottom\u00a0\u00bb bg_image_animation=\u00a0\u00bbnone\u00a0\u00bb parallax_bg=\u00a0\u00bbtrue\u00a0\u00bb parallax_bg_speed=\u00a0\u00bbfast\u00a0\u00bb][vc_column centered_text=\u00a0\u00bbtrue\u00a0\u00bb column_padding=\u00a0\u00bbno-extra-padding\u00a0\u00bb column_padding_position=\u00a0\u00bball\u00a0\u00bb background_color_opacity=\u00a0\u00bb1&Prime; background_hover_color_opacity=\u00a0\u00bb1&Prime; column_link_target=\u00a0\u00bb_self\u00a0\u00bb column_shadow=\u00a0\u00bbnone\u00a0\u00bb column_border_radius=\u00a0\u00bbnone\u00a0\u00bb width=\u00a0\u00bb1\/1&Prime; tablet_width_inherit=\u00a0\u00bbdefault\u00a0\u00bb tablet_text_alignment=\u00a0\u00bbdefault\u00a0\u00bb phone_text_alignment=\u00a0\u00bbdefault\u00a0\u00bb column_border_width=\u00a0\u00bbnone\u00a0\u00bb column_border_style=\u00a0\u00bbsolid\u00a0\u00bb bg_image_animation=\u00a0\u00bbnone\u00a0\u00bb][split_line_heading] Patrimoine...","og_url":"https:\/\/welterbewestwerkcorvey.de\/fr\/patrimoine-mondial-westwerkcorvey\/","og_site_name":"Welterbe Westwerk Corvey","article_modified_time":"2021-04-27T12:58:24+00:00","twitter_card":"summary_large_image","twitter_misc":{"Dur\u00e9e de lecture estim\u00e9e":"2 minutes"},"schema":{"@context":"https:\/\/schema.org","@graph":[{"@type":"WebPage","@id":"https:\/\/welterbewestwerkcorvey.de\/fr\/patrimoine-mondial-westwerkcorvey\/","url":"https:\/\/welterbewestwerkcorvey.de\/fr\/patrimoine-mondial-westwerkcorvey\/","name":"Patrimoine mondial Westwerk Corvey - Welterbe Westwerk Corvey","isPartOf":{"@id":"https:\/\/welterbewestwerkcorvey.de\/fr\/#website"},"datePublished":"2021-04-27T12:47:40+00:00","dateModified":"2021-04-27T12:58:24+00:00","breadcrumb":{"@id":"https:\/\/welterbewestwerkcorvey.de\/fr\/patrimoine-mondial-westwerkcorvey\/#breadcrumb"},"inLanguage":"fr-FR","potentialAction":[{"@type":"ReadAction","target":["https:\/\/welterbewestwerkcorvey.de\/fr\/patrimoine-mondial-westwerkcorvey\/"]}]},{"@type":"BreadcrumbList","@id":"https:\/\/welterbewestwerkcorvey.de\/fr\/patrimoine-mondial-westwerkcorvey\/#breadcrumb","itemListElement":[{"@type":"ListItem","position":1,"name":"Startseite","item":"https:\/\/welterbewestwerkcorvey.de\/fr\/"},{"@type":"ListItem","position":2,"name":"Patrimoine mondial Westwerk Corvey"}]},{"@type":"WebSite","@id":"https:\/\/welterbewestwerkcorvey.de\/fr\/#website","url":"https:\/\/welterbewestwerkcorvey.de\/fr\/","name":"Welterbe Westwerk Corvey","description":"Weltgeschichte am Weserbogen","publisher":{"@id":"https:\/\/welterbewestwerkcorvey.de\/fr\/#organization"},"potentialAction":[{"@type":"SearchAction","target":{"@type":"EntryPoint","urlTemplate":"https:\/\/welterbewestwerkcorvey.de\/fr\/?s={search_term_string}"},"query-input":{"@type":"PropertyValueSpecification","valueRequired":true,"valueName":"search_term_string"}}],"inLanguage":"fr-FR"},{"@type":"Organization","@id":"https:\/\/welterbewestwerkcorvey.de\/fr\/#organization","name":"Pfarrverbund Corvey","url":"https:\/\/welterbewestwerkcorvey.de\/fr\/","logo":{"@type":"ImageObject","inLanguage":"fr-FR","@id":"https:\/\/welterbewestwerkcorvey.de\/fr\/#\/schema\/logo\/image\/","url":"https:\/\/welterbewestwerkcorvey.de\/wp-content\/uploads\/signet-wwc-corvey-rgb-1.png","contentUrl":"https:\/\/welterbewestwerkcorvey.de\/wp-content\/uploads\/signet-wwc-corvey-rgb-1.png","width":791,"height":1181,"caption":"Pfarrverbund Corvey"},"image":{"@id":"https:\/\/welterbewestwerkcorvey.de\/fr\/#\/schema\/logo\/image\/"}}]}},"_links":{"self":[{"href":"https:\/\/welterbewestwerkcorvey.de\/fr\/wp-json\/wp\/v2\/pages\/4626","targetHints":{"allow":["GET"]}}],"collection":[{"href":"https:\/\/welterbewestwerkcorvey.de\/fr\/wp-json\/wp\/v2\/pages"}],"about":[{"href":"https:\/\/welterbewestwerkcorvey.de\/fr\/wp-json\/wp\/v2\/types\/page"}],"author":[{"embeddable":true,"href":"https:\/\/welterbewestwerkcorvey.de\/fr\/wp-json\/wp\/v2\/users\/1"}],"replies":[{"embeddable":true,"href":"https:\/\/welterbewestwerkcorvey.de\/fr\/wp-json\/wp\/v2\/comments?post=4626"}],"version-history":[{"count":11,"href":"https:\/\/welterbewestwerkcorvey.de\/fr\/wp-json\/wp\/v2\/pages\/4626\/revisions"}],"predecessor-version":[{"id":4640,"href":"https:\/\/welterbewestwerkcorvey.de\/fr\/wp-json\/wp\/v2\/pages\/4626\/revisions\/4640"}],"wp:attachment":[{"href":"https:\/\/welterbewestwerkcorvey.de\/fr\/wp-json\/wp\/v2\/media?parent=4626"}],"curies":[{"name":"wp","href":"https:\/\/api.w.org\/{rel}","templated":true}]}}