{"id":4603,"date":"2023-02-08T12:56:02","date_gmt":"2023-02-08T11:56:02","guid":{"rendered":"https:\/\/welterbewestwerkcorvey.de\/besucher-informationen\/"},"modified":"2026-01-21T08:56:52","modified_gmt":"2026-01-21T07:56:52","slug":"informations-visiteurs","status":"publish","type":"page","link":"https:\/\/welterbewestwerkcorvey.de\/fr\/informations-visiteurs\/","title":{"rendered":"Informations pour les visiteurs"},"content":{"rendered":"[vc_row type=\u00a0\u00bbfull_width_background\u00a0\u00bb full_screen_row_position=\u00a0\u00bbmiddle\u00a0\u00bb bg_color=\u00a0\u00bb#e8edf2&Prime; scene_position=\u00a0\u00bbcenter\u00a0\u00bb text_color=\u00a0\u00bbdark\u00a0\u00bb text_align=\u00a0\u00bbleft\u00a0\u00bb top_padding=\u00a0\u00bb24&Prime; bottom_padding=\u00a0\u00bb24&Prime; overlay_strength=\u00a0\u00bb0.3&Prime; shape_divider_position=\u00a0\u00bbbottom\u00a0\u00bb bg_image_animation=\u00a0\u00bbnone\u00a0\u00bb shape_type=\u00a0\u00bb\u00a0\u00bb][vc_column column_padding=\u00a0\u00bbno-extra-padding\u00a0\u00bb column_padding_position=\u00a0\u00bball\u00a0\u00bb background_color_opacity=\u00a0\u00bb1&Prime; background_hover_color_opacity=\u00a0\u00bb1&Prime; column_link_target=\u00a0\u00bb_self\u00a0\u00bb column_shadow=\u00a0\u00bbnone\u00a0\u00bb column_border_radius=\u00a0\u00bbnone\u00a0\u00bb width=\u00a0\u00bb1\/2&Prime; tablet_width_inherit=\u00a0\u00bbdefault\u00a0\u00bb tablet_text_alignment=\u00a0\u00bbdefault\u00a0\u00bb phone_text_alignment=\u00a0\u00bbdefault\u00a0\u00bb column_border_width=\u00a0\u00bbnone\u00a0\u00bb column_border_style=\u00a0\u00bbsolid\u00a0\u00bb bg_image_animation=\u00a0\u00bbnone\u00a0\u00bb][vc_column_text]\n<h3>Pause hivernale<\/h3>\n<p>Des visites guid\u00e9es du site du patrimoine mondial ou du jardin du Remtergarten sont possibles \u00e0 tout moment, m\u00eame pendant la pause hivernale, sur rendez-vous. Les visites guid\u00e9es peuvent \u00eatre r\u00e9serv\u00e9es par t\u00e9l\u00e9phone au +49(0)5271 68168.<\/p>\n<p><strong>Saison 2026<\/strong><\/p>\n<h3>Du 28 mars au 1 novembre 2026<\/h3>\n<p>Ancienne \u00e9glise abbatiale et \u00e9difice occidental carolingien : ouvert au 26.1.2025 tous les dimanches de 10 \u00e0 14 heures.<\/p>\n<p>&nbsp;<\/p>\n<h3>Corveyer Allee \u00b7 D 37671 H\u00f6xter<\/h3>\n<p><a href=\"https:\/\/welterbewestwerkcorvey.de\/fr\/emplacement-localisation\/\">(Google Maps)<\/a><\/p>\n<h3><strong>Services religieux<\/strong><\/h3>\n<p><span style=\"font-weight: 400;\">Dimanche, 8h30 Messe<\/span><\/p>\n<p><span style=\"font-weight: 400;\">Pas de visites guid\u00e9es pendant les services religieux.<\/span><\/p>\n<p><span style=\"font-weight: 400;\">Site web de la paroisse (Website der Pfarrei) <a href=\"https:\/\/pv-corvey.de\" target=\"_blank\" rel=\"noopener\">pv-corvey.de<\/a><\/span>[\/vc_column_text][\/vc_column][vc_column column_padding=\u00a0\u00bbno-extra-padding\u00a0\u00bb column_padding_position=\u00a0\u00bball\u00a0\u00bb background_color_opacity=\u00a0\u00bb1&Prime; background_hover_color_opacity=\u00a0\u00bb1&Prime; column_link_target=\u00a0\u00bb_self\u00a0\u00bb column_shadow=\u00a0\u00bbnone\u00a0\u00bb column_border_radius=\u00a0\u00bbnone\u00a0\u00bb width=\u00a0\u00bb1\/2&Prime; tablet_width_inherit=\u00a0\u00bbdefault\u00a0\u00bb tablet_text_alignment=\u00a0\u00bbdefault\u00a0\u00bb phone_text_alignment=\u00a0\u00bbdefault\u00a0\u00bb column_border_width=\u00a0\u00bbnone\u00a0\u00bb column_border_style=\u00a0\u00bbsolid\u00a0\u00bb bg_image_animation=\u00a0\u00bbnone\u00a0\u00bb][vc_column_text]\n<h3><strong>Prix d&rsquo;entree<\/strong><\/h3>\n[\/vc_column_text][vc_column_text]\n<h4><span style=\"font-weight: 400;\">Corvey complet<\/span><\/h4>\n<ul>\n<li><span style=\"font-weight: 400;\">Mus\u00e9e avec expositions permanentes et sp\u00e9ciales<\/span><\/li>\n<li><span style=\"font-weight: 400;\">Biblioth\u00e8que princi\u00e8re<\/span><\/li>\n<li><span style=\"font-weight: 400;\">Le Westwerk carolingien<\/span><\/li>\n<li><span style=\"font-weight: 400;\">\u00c9glise baroque<\/span><\/li>\n<li><span style=\"font-weight: 400;\">La tombe de Hoffmann von Fallersleben\u00a0<\/span><\/li>\n<\/ul>\n<p><span style=\"font-weight: 400;\">Vous trouverez les r\u00e9ductions, les tarifs de groupe, etc. sur la page d&rsquo;accueil du ch\u00e2teau de Corvey. <a href=\"https:\/\/corvey.de\" target=\"_blank\" rel=\"noopener\">www.corvey.de<\/a><\/span>[\/vc_column_text][nectar_food_menu_item style=\u00a0\u00bbline_between\u00a0\u00bb item_name_heading_tag=\u00a0\u00bbh6&Prime; item_name=\u00a0\u00bbpersonne seule\u00a0\u00bb item_price=\u00a0\u00bb14,00 \u20ac\u00a0\u00bb][vc_column_text]\n<h4><span style=\"font-weight: 400;\">Billet d&rsquo;entr\u00e9e \u00e0 l&rsquo;\u00e9glise<\/span><\/h4>\n<p><span style=\"font-weight: 400;\">\u00a0\u00c9glise baroque, <\/span><span style=\"font-weight: 400;\">le Westwerk carolingien, <\/span><span style=\"font-weight: 400;\">la tombe de Hoffmann von Fallersleben<\/span>[\/vc_column_text][nectar_food_menu_item style=\u00a0\u00bbline_between\u00a0\u00bb item_name_heading_tag=\u00a0\u00bbh6&Prime; item_name=\u00a0\u00bbBillet d&rsquo;entr\u00e9e \u00e0 l&rsquo;\u00e9glise\u00a0\u00bb item_price=\u00a0\u00bb5,00 \u20ac\u00a0\u00bb][\/vc_column][\/vc_row]\n","protected":false},"excerpt":{"rendered":"<p>[vc_row type=\u00a0\u00bbfull_width_background\u00a0\u00bb full_screen_row_position=\u00a0\u00bbmiddle\u00a0\u00bb bg_color=\u00a0\u00bb#e8edf2&Prime; scene_position=\u00a0\u00bbcenter\u00a0\u00bb text_color=\u00a0\u00bbdark\u00a0\u00bb text_align=\u00a0\u00bbleft\u00a0\u00bb top_padding=\u00a0\u00bb24&Prime; bottom_padding=\u00a0\u00bb24&Prime; overlay_strength=\u00a0\u00bb0.3&Prime; shape_divider_position=\u00a0\u00bbbottom\u00a0\u00bb bg_image_animation=\u00a0\u00bbnone\u00a0\u00bb shape_type=\u00a0\u00bb\u00a0\u00bb][vc_column column_padding=\u00a0\u00bbno-extra-padding\u00a0\u00bb column_padding_position=\u00a0\u00bball\u00a0\u00bb background_color_opacity=\u00a0\u00bb1&Prime; background_hover_color_opacity=\u00a0\u00bb1&Prime; column_link_target=\u00a0\u00bb_self\u00a0\u00bb column_shadow=\u00a0\u00bbnone\u00a0\u00bb column_border_radius=\u00a0\u00bbnone\u00a0\u00bb width=\u00a0\u00bb1\/2&Prime; tablet_width_inherit=\u00a0\u00bbdefault\u00a0\u00bb tablet_text_alignment=\u00a0\u00bbdefault\u00a0\u00bb phone_text_alignment=\u00a0\u00bbdefault\u00a0\u00bb column_border_width=\u00a0\u00bbnone\u00a0\u00bb column_border_style=\u00a0\u00bbsolid\u00a0\u00bb bg_image_animation=\u00a0\u00bbnone\u00a0\u00bb][vc_column_text] Pause hivernale Des visites guid\u00e9es du site du&#8230;<\/p>\n","protected":false},"author":1,"featured_media":0,"parent":0,"menu_order":0,"comment_status":"closed","ping_status":"closed","template":"","meta":{"footnotes":""},"class_list":["post-4603","page","type-page","status-publish"],"yoast_head":"<!-- This site is optimized with the Yoast SEO plugin v27.3 - https:\/\/yoast.com\/product\/yoast-seo-wordpress\/ -->\n<title>Informations pour les visiteurs - Welterbe Westwerk Corvey<\/title>\n<meta name=\"robots\" content=\"index, follow, max-snippet:-1, max-image-preview:large, max-video-preview:-1\" \/>\n<link rel=\"canonical\" href=\"https:\/\/welterbewestwerkcorvey.de\/fr\/informations-visiteurs\/\" \/>\n<meta property=\"og:locale\" content=\"fr_FR\" \/>\n<meta property=\"og:type\" content=\"article\" \/>\n<meta property=\"og:title\" content=\"Informations pour les visiteurs - Welterbe Westwerk Corvey\" \/>\n<meta property=\"og:description\" content=\"[vc_row type=\u00a0\u00bbfull_width_background\u00a0\u00bb full_screen_row_position=\u00a0\u00bbmiddle\u00a0\u00bb bg_color=\u00a0\u00bb#e8edf2&Prime; scene_position=\u00a0\u00bbcenter\u00a0\u00bb text_color=\u00a0\u00bbdark\u00a0\u00bb text_align=\u00a0\u00bbleft\u00a0\u00bb top_padding=\u00a0\u00bb24&Prime; bottom_padding=\u00a0\u00bb24&Prime; overlay_strength=\u00a0\u00bb0.3&Prime; shape_divider_position=\u00a0\u00bbbottom\u00a0\u00bb bg_image_animation=\u00a0\u00bbnone\u00a0\u00bb shape_type=\u00a0\u00bb\u00a0\u00bb][vc_column column_padding=\u00a0\u00bbno-extra-padding\u00a0\u00bb column_padding_position=\u00a0\u00bball\u00a0\u00bb background_color_opacity=\u00a0\u00bb1&Prime; background_hover_color_opacity=\u00a0\u00bb1&Prime; column_link_target=\u00a0\u00bb_self\u00a0\u00bb column_shadow=\u00a0\u00bbnone\u00a0\u00bb column_border_radius=\u00a0\u00bbnone\u00a0\u00bb width=\u00a0\u00bb1\/2&Prime; tablet_width_inherit=\u00a0\u00bbdefault\u00a0\u00bb tablet_text_alignment=\u00a0\u00bbdefault\u00a0\u00bb phone_text_alignment=\u00a0\u00bbdefault\u00a0\u00bb column_border_width=\u00a0\u00bbnone\u00a0\u00bb column_border_style=\u00a0\u00bbsolid\u00a0\u00bb bg_image_animation=\u00a0\u00bbnone\u00a0\u00bb][vc_column_text] Pause hivernale Des visites guid\u00e9es du site du...\" \/>\n<meta property=\"og:url\" content=\"https:\/\/welterbewestwerkcorvey.de\/fr\/informations-visiteurs\/\" \/>\n<meta property=\"og:site_name\" content=\"Welterbe Westwerk Corvey\" \/>\n<meta property=\"article:modified_time\" content=\"2026-01-21T07:56:52+00:00\" \/>\n<meta name=\"twitter:card\" content=\"summary_large_image\" \/>\n<meta name=\"twitter:label1\" content=\"Dur\u00e9e de lecture estim\u00e9e\" \/>\n\t<meta name=\"twitter:data1\" content=\"1 minute\" \/>\n<script type=\"application\/ld+json\" class=\"yoast-schema-graph\">{\"@context\":\"https:\\\/\\\/schema.org\",\"@graph\":[{\"@type\":\"WebPage\",\"@id\":\"https:\\\/\\\/welterbewestwerkcorvey.de\\\/fr\\\/informations-visiteurs\\\/\",\"url\":\"https:\\\/\\\/welterbewestwerkcorvey.de\\\/fr\\\/informations-visiteurs\\\/\",\"name\":\"Informations pour les visiteurs - Welterbe Westwerk Corvey\",\"isPartOf\":{\"@id\":\"https:\\\/\\\/welterbewestwerkcorvey.de\\\/fr\\\/#website\"},\"datePublished\":\"2023-02-08T11:56:02+00:00\",\"dateModified\":\"2026-01-21T07:56:52+00:00\",\"breadcrumb\":{\"@id\":\"https:\\\/\\\/welterbewestwerkcorvey.de\\\/fr\\\/informations-visiteurs\\\/#breadcrumb\"},\"inLanguage\":\"fr-FR\",\"potentialAction\":[{\"@type\":\"ReadAction\",\"target\":[\"https:\\\/\\\/welterbewestwerkcorvey.de\\\/fr\\\/informations-visiteurs\\\/\"]}]},{\"@type\":\"BreadcrumbList\",\"@id\":\"https:\\\/\\\/welterbewestwerkcorvey.de\\\/fr\\\/informations-visiteurs\\\/#breadcrumb\",\"itemListElement\":[{\"@type\":\"ListItem\",\"position\":1,\"name\":\"Startseite\",\"item\":\"https:\\\/\\\/welterbewestwerkcorvey.de\\\/fr\\\/\"},{\"@type\":\"ListItem\",\"position\":2,\"name\":\"Informations pour les visiteurs\"}]},{\"@type\":\"WebSite\",\"@id\":\"https:\\\/\\\/welterbewestwerkcorvey.de\\\/fr\\\/#website\",\"url\":\"https:\\\/\\\/welterbewestwerkcorvey.de\\\/fr\\\/\",\"name\":\"Welterbe Westwerk Corvey\",\"description\":\"Weltgeschichte am Weserbogen\",\"publisher\":{\"@id\":\"https:\\\/\\\/welterbewestwerkcorvey.de\\\/fr\\\/#organization\"},\"potentialAction\":[{\"@type\":\"SearchAction\",\"target\":{\"@type\":\"EntryPoint\",\"urlTemplate\":\"https:\\\/\\\/welterbewestwerkcorvey.de\\\/fr\\\/?s={search_term_string}\"},\"query-input\":{\"@type\":\"PropertyValueSpecification\",\"valueRequired\":true,\"valueName\":\"search_term_string\"}}],\"inLanguage\":\"fr-FR\"},{\"@type\":\"Organization\",\"@id\":\"https:\\\/\\\/welterbewestwerkcorvey.de\\\/fr\\\/#organization\",\"name\":\"Pfarrverbund Corvey\",\"url\":\"https:\\\/\\\/welterbewestwerkcorvey.de\\\/fr\\\/\",\"logo\":{\"@type\":\"ImageObject\",\"inLanguage\":\"fr-FR\",\"@id\":\"https:\\\/\\\/welterbewestwerkcorvey.de\\\/fr\\\/#\\\/schema\\\/logo\\\/image\\\/\",\"url\":\"https:\\\/\\\/welterbewestwerkcorvey.de\\\/wp-content\\\/uploads\\\/signet-wwc-corvey-rgb-1.png\",\"contentUrl\":\"https:\\\/\\\/welterbewestwerkcorvey.de\\\/wp-content\\\/uploads\\\/signet-wwc-corvey-rgb-1.png\",\"width\":791,\"height\":1181,\"caption\":\"Pfarrverbund Corvey\"},\"image\":{\"@id\":\"https:\\\/\\\/welterbewestwerkcorvey.de\\\/fr\\\/#\\\/schema\\\/logo\\\/image\\\/\"}}]}<\/script>\n<!-- \/ Yoast SEO plugin. -->","yoast_head_json":{"title":"Informations pour les visiteurs - Welterbe Westwerk Corvey","robots":{"index":"index","follow":"follow","max-snippet":"max-snippet:-1","max-image-preview":"max-image-preview:large","max-video-preview":"max-video-preview:-1"},"canonical":"https:\/\/welterbewestwerkcorvey.de\/fr\/informations-visiteurs\/","og_locale":"fr_FR","og_type":"article","og_title":"Informations pour les visiteurs - Welterbe Westwerk Corvey","og_description":"[vc_row type=\u00a0\u00bbfull_width_background\u00a0\u00bb full_screen_row_position=\u00a0\u00bbmiddle\u00a0\u00bb bg_color=\u00a0\u00bb#e8edf2&Prime; scene_position=\u00a0\u00bbcenter\u00a0\u00bb text_color=\u00a0\u00bbdark\u00a0\u00bb text_align=\u00a0\u00bbleft\u00a0\u00bb top_padding=\u00a0\u00bb24&Prime; bottom_padding=\u00a0\u00bb24&Prime; overlay_strength=\u00a0\u00bb0.3&Prime; shape_divider_position=\u00a0\u00bbbottom\u00a0\u00bb bg_image_animation=\u00a0\u00bbnone\u00a0\u00bb shape_type=\u00a0\u00bb\u00a0\u00bb][vc_column column_padding=\u00a0\u00bbno-extra-padding\u00a0\u00bb column_padding_position=\u00a0\u00bball\u00a0\u00bb background_color_opacity=\u00a0\u00bb1&Prime; background_hover_color_opacity=\u00a0\u00bb1&Prime; column_link_target=\u00a0\u00bb_self\u00a0\u00bb column_shadow=\u00a0\u00bbnone\u00a0\u00bb column_border_radius=\u00a0\u00bbnone\u00a0\u00bb width=\u00a0\u00bb1\/2&Prime; tablet_width_inherit=\u00a0\u00bbdefault\u00a0\u00bb tablet_text_alignment=\u00a0\u00bbdefault\u00a0\u00bb phone_text_alignment=\u00a0\u00bbdefault\u00a0\u00bb column_border_width=\u00a0\u00bbnone\u00a0\u00bb column_border_style=\u00a0\u00bbsolid\u00a0\u00bb bg_image_animation=\u00a0\u00bbnone\u00a0\u00bb][vc_column_text] Pause hivernale Des visites guid\u00e9es du site du...","og_url":"https:\/\/welterbewestwerkcorvey.de\/fr\/informations-visiteurs\/","og_site_name":"Welterbe Westwerk Corvey","article_modified_time":"2026-01-21T07:56:52+00:00","twitter_card":"summary_large_image","twitter_misc":{"Dur\u00e9e de lecture estim\u00e9e":"1 minute"},"schema":{"@context":"https:\/\/schema.org","@graph":[{"@type":"WebPage","@id":"https:\/\/welterbewestwerkcorvey.de\/fr\/informations-visiteurs\/","url":"https:\/\/welterbewestwerkcorvey.de\/fr\/informations-visiteurs\/","name":"Informations pour les visiteurs - Welterbe Westwerk Corvey","isPartOf":{"@id":"https:\/\/welterbewestwerkcorvey.de\/fr\/#website"},"datePublished":"2023-02-08T11:56:02+00:00","dateModified":"2026-01-21T07:56:52+00:00","breadcrumb":{"@id":"https:\/\/welterbewestwerkcorvey.de\/fr\/informations-visiteurs\/#breadcrumb"},"inLanguage":"fr-FR","potentialAction":[{"@type":"ReadAction","target":["https:\/\/welterbewestwerkcorvey.de\/fr\/informations-visiteurs\/"]}]},{"@type":"BreadcrumbList","@id":"https:\/\/welterbewestwerkcorvey.de\/fr\/informations-visiteurs\/#breadcrumb","itemListElement":[{"@type":"ListItem","position":1,"name":"Startseite","item":"https:\/\/welterbewestwerkcorvey.de\/fr\/"},{"@type":"ListItem","position":2,"name":"Informations pour les visiteurs"}]},{"@type":"WebSite","@id":"https:\/\/welterbewestwerkcorvey.de\/fr\/#website","url":"https:\/\/welterbewestwerkcorvey.de\/fr\/","name":"Welterbe Westwerk Corvey","description":"Weltgeschichte am Weserbogen","publisher":{"@id":"https:\/\/welterbewestwerkcorvey.de\/fr\/#organization"},"potentialAction":[{"@type":"SearchAction","target":{"@type":"EntryPoint","urlTemplate":"https:\/\/welterbewestwerkcorvey.de\/fr\/?s={search_term_string}"},"query-input":{"@type":"PropertyValueSpecification","valueRequired":true,"valueName":"search_term_string"}}],"inLanguage":"fr-FR"},{"@type":"Organization","@id":"https:\/\/welterbewestwerkcorvey.de\/fr\/#organization","name":"Pfarrverbund Corvey","url":"https:\/\/welterbewestwerkcorvey.de\/fr\/","logo":{"@type":"ImageObject","inLanguage":"fr-FR","@id":"https:\/\/welterbewestwerkcorvey.de\/fr\/#\/schema\/logo\/image\/","url":"https:\/\/welterbewestwerkcorvey.de\/wp-content\/uploads\/signet-wwc-corvey-rgb-1.png","contentUrl":"https:\/\/welterbewestwerkcorvey.de\/wp-content\/uploads\/signet-wwc-corvey-rgb-1.png","width":791,"height":1181,"caption":"Pfarrverbund Corvey"},"image":{"@id":"https:\/\/welterbewestwerkcorvey.de\/fr\/#\/schema\/logo\/image\/"}}]}},"_links":{"self":[{"href":"https:\/\/welterbewestwerkcorvey.de\/fr\/wp-json\/wp\/v2\/pages\/4603","targetHints":{"allow":["GET"]}}],"collection":[{"href":"https:\/\/welterbewestwerkcorvey.de\/fr\/wp-json\/wp\/v2\/pages"}],"about":[{"href":"https:\/\/welterbewestwerkcorvey.de\/fr\/wp-json\/wp\/v2\/types\/page"}],"author":[{"embeddable":true,"href":"https:\/\/welterbewestwerkcorvey.de\/fr\/wp-json\/wp\/v2\/users\/1"}],"replies":[{"embeddable":true,"href":"https:\/\/welterbewestwerkcorvey.de\/fr\/wp-json\/wp\/v2\/comments?post=4603"}],"version-history":[{"count":29,"href":"https:\/\/welterbewestwerkcorvey.de\/fr\/wp-json\/wp\/v2\/pages\/4603\/revisions"}],"predecessor-version":[{"id":16933,"href":"https:\/\/welterbewestwerkcorvey.de\/fr\/wp-json\/wp\/v2\/pages\/4603\/revisions\/16933"}],"wp:attachment":[{"href":"https:\/\/welterbewestwerkcorvey.de\/fr\/wp-json\/wp\/v2\/media?parent=4603"}],"curies":[{"name":"wp","href":"https:\/\/api.w.org\/{rel}","templated":true}]}}